{"id":21,"date":"2024-09-27T07:31:09","date_gmt":"2024-09-27T07:31:09","guid":{"rendered":"https:\/\/www.azema24.com\/?page_id=21"},"modified":"2024-09-30T09:00:29","modified_gmt":"2024-09-30T09:00:29","slug":"piano-queue-bechstein","status":"publish","type":"page","link":"https:\/\/www.azema24.com\/?page_id=21","title":{"rendered":"Piano Queue Bechstein"},"content":{"rendered":"\n<div class=\"wp-block-group\"><div class=\"wp-block-group__inner-container is-layout-constrained wp-block-group-is-layout-constrained\">\n<p class=\"has-text-align-center\">Jean No\u00ebl,&nbsp; professeur de piano dipl\u00f4m\u00e9 et exp\u00e9riment\u00e9 depuis plus de 40ans , au centre ville de Bergerac,&nbsp; vous propose sur ce tr\u00e8s beau piano Bechstein un enseignement personnalis\u00e9 pour tout \u00e2ge et tous niveaux.&nbsp;<\/p>\n\n\n\n<p class=\"has-text-align-center\">&nbsp; &nbsp; &nbsp; &nbsp;Je vous aide \u00e0 d\u00e9velopper votre sens artistique quelque soit votre style de musique ( classique,&nbsp; moderne, jazz ou musiques de films ) .<\/p>\n\n\n\n<p class=\"has-text-align-center\">&nbsp; &nbsp; &nbsp; &nbsp; Les cours sont organis\u00e9s sur la base de 1\/2h , 3\/4 h ou 1 heure selon votre age et votre aptitude. Les inscriptions sont possibles toute l&rsquo;ann\u00e9e du lundi au samedi matin selon la disponibilit\u00e9 !<\/p>\n\n\n\n<p>P<strong>our Tout contact : tel  06 89 43 70 10  ou 05 53 27 07 85<\/strong><\/p>\n<\/div><\/div>\n\n\n\n<figure class=\"wp-block-image size-large\"><img decoding=\"async\" width=\"1024\" height=\"768\" src=\"https:\/\/www.azema24.com\/wp-content\/uploads\/2024\/09\/20240925_190030-1024x768.jpg\" alt=\"\" class=\"wp-image-37\" srcset=\"https:\/\/www.azema24.com\/wp-content\/uploads\/2024\/09\/20240925_190030-1024x768.jpg 1024w, https:\/\/www.azema24.com\/wp-content\/uploads\/2024\/09\/20240925_190030-300x225.jpg 300w, https:\/\/www.azema24.com\/wp-content\/uploads\/2024\/09\/20240925_190030-768x576.jpg 768w, https:\/\/www.azema24.com\/wp-content\/uploads\/2024\/09\/20240925_190030-1536x1152.jpg 1536w, https:\/\/www.azema24.com\/wp-content\/uploads\/2024\/09\/20240925_190030-2048x1536.jpg 2048w\" sizes=\"(max-width: 1024px) 100vw, 1024px\" \/><\/figure>\n","protected":false},"excerpt":{"rendered":"<p>Jean No\u00ebl,&nbsp; professeur de piano dipl\u00f4m\u00e9 et exp\u00e9riment\u00e9 depuis plus de 40ans , au centre ville de Bergerac,&nbsp; vous propose sur ce tr\u00e8s beau piano Bechstein un enseignement personnalis\u00e9 pour tout \u00e2ge et tous&#46;&#46;&#46;<\/p>\n","protected":false},"author":1,"featured_media":0,"parent":0,"menu_order":0,"comment_status":"closed","ping_status":"closed","template":"","meta":{"footnotes":""},"class_list":["post-21","page","type-page","status-publish","hentry"],"_links":{"self":[{"href":"https:\/\/www.azema24.com\/index.php?rest_route=\/wp\/v2\/pages\/21","targetHints":{"allow":["GET"]}}],"collection":[{"href":"https:\/\/www.azema24.com\/index.php?rest_route=\/wp\/v2\/pages"}],"about":[{"href":"https:\/\/www.azema24.com\/index.php?rest_route=\/wp\/v2\/types\/page"}],"author":[{"embeddable":true,"href":"https:\/\/www.azema24.com\/index.php?rest_route=\/wp\/v2\/users\/1"}],"replies":[{"embeddable":true,"href":"https:\/\/www.azema24.com\/index.php?rest_route=%2Fwp%2Fv2%2Fcomments&post=21"}],"version-history":[{"count":6,"href":"https:\/\/www.azema24.com\/index.php?rest_route=\/wp\/v2\/pages\/21\/revisions"}],"predecessor-version":[{"id":38,"href":"https:\/\/www.azema24.com\/index.php?rest_route=\/wp\/v2\/pages\/21\/revisions\/38"}],"wp:attachment":[{"href":"https:\/\/www.azema24.com\/index.php?rest_route=%2Fwp%2Fv2%2Fmedia&parent=21"}],"curies":[{"name":"wp","href":"https:\/\/api.w.org\/{rel}","templated":true}]}}