{"id":2,"date":"2024-09-23T08:03:52","date_gmt":"2024-09-23T08:03:52","guid":{"rendered":"https:\/\/www.azema24.com\/?page_id=2"},"modified":"2024-09-30T09:09:26","modified_gmt":"2024-09-30T09:09:26","slug":"sample-page","status":"publish","type":"page","link":"https:\/\/www.azema24.com\/","title":{"rendered":"Professeur  de piano Bergerac"},"content":{"rendered":"\n<p>Professeur dipl\u00f4m\u00e9 et exp\u00e9riment\u00e9, je propose des cours de piano centre ville, claviers, solf\u00e8ge, pour tous les \u00e2ges et tous les niveaux.<br>Je vous aide \u00e0 d\u00e9velopper votre sens artistique, quel que soit votre style : classique, moderne, jazz ou musique de films.<br>Les inscriptions sont ouvertes durant toute l\u2019ann\u00e9e selon la disponibilit\u00e9.<br>Ouvert du lundi au samedi<\/p>\n\n\n\n<p>pour tout contact : 06 89 43 70 10 ou 05 53 27 07 85<\/p>\n\n\n\n<figure class=\"wp-block-image size-large\"><img decoding=\"async\" width=\"1024\" height=\"768\" src=\"https:\/\/www.azema24.com\/wp-content\/uploads\/2024\/09\/20240925_190030-1024x768.jpg\" alt=\"\" class=\"wp-image-37\" srcset=\"https:\/\/www.azema24.com\/wp-content\/uploads\/2024\/09\/20240925_190030-1024x768.jpg 1024w, https:\/\/www.azema24.com\/wp-content\/uploads\/2024\/09\/20240925_190030-300x225.jpg 300w, https:\/\/www.azema24.com\/wp-content\/uploads\/2024\/09\/20240925_190030-768x576.jpg 768w, https:\/\/www.azema24.com\/wp-content\/uploads\/2024\/09\/20240925_190030-1536x1152.jpg 1536w, https:\/\/www.azema24.com\/wp-content\/uploads\/2024\/09\/20240925_190030-2048x1536.jpg 2048w\" sizes=\"(max-width: 1024px) 100vw, 1024px\" \/><\/figure>\n\n\n\n<p><\/p>\n","protected":false},"excerpt":{"rendered":"<p>Professeur dipl\u00f4m\u00e9 et exp\u00e9riment\u00e9, je propose des cours de piano centre ville, claviers, solf\u00e8ge, pour tous les \u00e2ges et tous les niveaux.Je vous aide \u00e0 d\u00e9velopper votre sens artistique, quel que soit votre style&#46;&#46;&#46;<\/p>\n","protected":false},"author":1,"featured_media":0,"parent":0,"menu_order":0,"comment_status":"closed","ping_status":"open","template":"","meta":{"footnotes":""},"class_list":["post-2","page","type-page","status-publish","hentry"],"_links":{"self":[{"href":"https:\/\/www.azema24.com\/index.php?rest_route=\/wp\/v2\/pages\/2","targetHints":{"allow":["GET"]}}],"collection":[{"href":"https:\/\/www.azema24.com\/index.php?rest_route=\/wp\/v2\/pages"}],"about":[{"href":"https:\/\/www.azema24.com\/index.php?rest_route=\/wp\/v2\/types\/page"}],"author":[{"embeddable":true,"href":"https:\/\/www.azema24.com\/index.php?rest_route=\/wp\/v2\/users\/1"}],"replies":[{"embeddable":true,"href":"https:\/\/www.azema24.com\/index.php?rest_route=%2Fwp%2Fv2%2Fcomments&post=2"}],"version-history":[{"count":5,"href":"https:\/\/www.azema24.com\/index.php?rest_route=\/wp\/v2\/pages\/2\/revisions"}],"predecessor-version":[{"id":43,"href":"https:\/\/www.azema24.com\/index.php?rest_route=\/wp\/v2\/pages\/2\/revisions\/43"}],"wp:attachment":[{"href":"https:\/\/www.azema24.com\/index.php?rest_route=%2Fwp%2Fv2%2Fmedia&parent=2"}],"curies":[{"name":"wp","href":"https:\/\/api.w.org\/{rel}","templated":true}]}}